{"id":233,"date":"2020-10-03T20:22:19","date_gmt":"2020-10-03T18:22:19","guid":{"rendered":"http:\/\/strefahandlowca.pl\/?page_id=233"},"modified":"2022-01-23T14:46:10","modified_gmt":"2022-01-23T13:46:10","slug":"coaching","status":"publish","type":"page","link":"https:\/\/strefahandlowca.pl\/index.php\/coaching\/","title":{"rendered":"Coaching"},"content":{"rendered":"\t\t<div data-elementor-type=\"wp-page\" data-elementor-id=\"233\" class=\"elementor elementor-233\">\n\t\t\t\t\t\t<div class=\"elementor-inner\">\n\t\t\t\t<div class=\"elementor-section-wrap\">\n\t\t\t\t\t\t\t\t\t<section class=\"elementor-section elementor-top-section elementor-element elementor-element-6378663 elementor-section-boxed elementor-section-height-default elementor-section-height-default\" data-id=\"6378663\" data-element_type=\"section\">\n\t\t\t\t\t\t<div class=\"elementor-container elementor-column-gap-default\">\n\t\t\t\t\t\t\t<div class=\"elementor-row\">\n\t\t\t\t\t<div class=\"elementor-column elementor-col-100 elementor-top-column elementor-element elementor-element-376f037\" data-id=\"376f037\" data-element_type=\"column\">\n\t\t\t<div class=\"elementor-column-wrap elementor-element-populated\">\n\t\t\t\t\t\t\t<div class=\"elementor-widget-wrap\">\n\t\t\t\t\t\t<div class=\"elementor-element elementor-element-10c48e6 elementor-widget elementor-widget-text-editor\" data-id=\"10c48e6\" data-element_type=\"widget\" data-widget_type=\"text-editor.default\">\n\t\t\t\t<div class=\"elementor-widget-container\">\n\t\t\t\t\t\t\t\t<div class=\"elementor-text-editor elementor-clearfix\">\n\t\t\t\t<h2 class=\"elementor-heading-title elementor-size-xl\">Coaching<\/h2><p>\u00a0<\/p><p>To narz\u0119dzie do pracy indywidualnej oraz z zespo\u0142ami. Dzi\u0119ki sesji coachingowej uczestnik uruchamia kreatywno\u015b\u0107 w obszarze dzia\u0142ania wok\u00f3\u0142 swojego celu, dylematu lub tematu, nad kt\u00f3rym aktualnie pracuje.<\/p><p>Coaching, w odr\u00f3\u017cnieniu od wielu innych metod rozwoju, nie daje gotowych rozwi\u0105za\u0144, a prowokuje do samodzielnego my\u015blenia, wyci\u0105gania wniosk\u00f3w, korzystania z swoich zasob\u00f3w i poszukiwania nowych rozwi\u0105za\u0144, kt\u00f3re uczestnik zweryfikuje w trakcie procesu i podejmie takie dzia\u0142ania, kt\u00f3re b\u0119d\u0105 dla niego najbardziej korzystne.<\/p><p>Coach podczas sesji zadaje uczestnikowi odpowiednie pytania, prowadz\u0105c go w ten spos\u00f3b przez weryfikacj\u0119 w\u0142asnych barier i blokad, przekona\u0144, nawyk\u00f3w, kt\u00f3re dotychczas utrudnia\u0142y mu prac\u0119.<\/p><p>Coaching pozwala rozwin\u0105\u0107 samo\u015bwiadomo\u015b\u0107 swoich mo\u017cliwo\u015bci i ogranicze\u0144, wzmocni\u0107 pewno\u015b\u0107 siebie i poczucie w\u0142asnej warto\u015bci, przyjrze\u0107 si\u0119 swoim postaw\u0105 w r\u00f3\u017cnych rolach, popatrze\u0107 na siebie i swoje umiej\u0119tno\u015bci z zupe\u0142nie innej perspektywy, co otwiera uczestnika na dalszy rozw\u00f3j osobisty i zawodowy, a przede wszystkim daje now\u0105 motywacj\u0119, wewn\u0119trzn\u0105 i siln\u0105, do zdobywania kolejnych szczyt\u00f3w w swojej karierze.<\/p><p>Coaching zespo\u0142owy wykorzystuje si\u0119 do pracy z grup\u0105, kt\u00f3ra na przyk\u0142ad jest w jakim\u015b kryzysie, ma problem ze wsp\u00f3\u0142prac\u0105. Sesja zespo\u0142owa prowadzi do zdiagnozowania problemu, zlokalizowania jego ogniska oraz przepracowania go wykorzystuj\u0105c m.in. elementy zarz\u0105dzania konfliktem<\/p>\t\t\t\t\t<\/div>\n\t\t\t\t\t\t<\/div>\n\t\t\t\t<\/div>\n\t\t\t\t\t\t<\/div>\n\t\t\t\t\t<\/div>\n\t\t<\/div>\n\t\t\t\t\t\t\t\t<\/div>\n\t\t\t\t\t<\/div>\n\t\t<\/section>\n\t\t\t\t\t\t\t\t\t<\/div>\n\t\t\t<\/div>\n\t\t\t\t\t<\/div>\n\t\t","protected":false},"excerpt":{"rendered":"<p>Coaching \u00a0 To narz\u0119dzie do pracy indywidualnej oraz z zespo\u0142ami. Dzi\u0119ki sesji coachingowej uczestnik uruchamia kreatywno\u015b\u0107 w obszarze dzia\u0142ania wok\u00f3\u0142 swojego celu, dylematu lub tematu, nad kt\u00f3rym aktualnie pracuje. Coaching, w odr\u00f3\u017cnieniu od wielu innych metod rozwoju, nie daje gotowych rozwi\u0105za\u0144, a prowokuje do samodzielnego my\u015blenia, wyci\u0105gania wniosk\u00f3w, korzystania z swoich zasob\u00f3w i poszukiwania nowych&hellip;&nbsp;<a href=\"https:\/\/strefahandlowca.pl\/index.php\/coaching\/\" class=\"\" rel=\"bookmark\">Czytaj wi\u0119cej &raquo;<span class=\"screen-reader-text\">Coaching<\/span><\/a><\/p>\n","protected":false},"author":1,"featured_media":0,"parent":0,"menu_order":0,"comment_status":"closed","ping_status":"closed","template":"page-templates\/template-pagebuilder-full-width.php","meta":{"neve_meta_sidebar":"full-width","neve_meta_container":"","neve_meta_enable_content_width":"on","neve_meta_content_width":100,"neve_meta_title_alignment":"","neve_meta_author_avatar":"","neve_post_elements_order":"","neve_meta_disable_header":"","neve_meta_disable_footer":"","neve_meta_disable_title":""},"_links":{"self":[{"href":"https:\/\/strefahandlowca.pl\/index.php\/wp-json\/wp\/v2\/pages\/233"}],"collection":[{"href":"https:\/\/strefahandlowca.pl\/index.php\/wp-json\/wp\/v2\/pages"}],"about":[{"href":"https:\/\/strefahandlowca.pl\/index.php\/wp-json\/wp\/v2\/types\/page"}],"author":[{"embeddable":true,"href":"https:\/\/strefahandlowca.pl\/index.php\/wp-json\/wp\/v2\/users\/1"}],"replies":[{"embeddable":true,"href":"https:\/\/strefahandlowca.pl\/index.php\/wp-json\/wp\/v2\/comments?post=233"}],"version-history":[{"count":7,"href":"https:\/\/strefahandlowca.pl\/index.php\/wp-json\/wp\/v2\/pages\/233\/revisions"}],"predecessor-version":[{"id":466,"href":"https:\/\/strefahandlowca.pl\/index.php\/wp-json\/wp\/v2\/pages\/233\/revisions\/466"}],"wp:attachment":[{"href":"https:\/\/strefahandlowca.pl\/index.php\/wp-json\/wp\/v2\/media?parent=233"}],"curies":[{"name":"wp","href":"https:\/\/api.w.org\/{rel}","templated":true}]}}