{"id":139,"date":"2020-01-17T15:28:09","date_gmt":"2020-01-17T14:28:09","guid":{"rendered":"https:\/\/demosites.io\/web-agency\/?page_id=32"},"modified":"2022-01-23T14:57:00","modified_gmt":"2022-01-23T13:57:00","slug":"onas","status":"publish","type":"page","link":"https:\/\/strefahandlowca.pl\/index.php\/onas\/","title":{"rendered":"O Nas"},"content":{"rendered":"\t\t<div data-elementor-type=\"wp-page\" data-elementor-id=\"139\" class=\"elementor elementor-139\">\n\t\t\t\t\t\t<div class=\"elementor-inner\">\n\t\t\t\t<div class=\"elementor-section-wrap\">\n\t\t\t\t\t\t\t\t\t<section class=\"elementor-section elementor-top-section elementor-element elementor-element-74fb0c3 elementor-section-boxed elementor-section-height-default elementor-section-height-default\" data-id=\"74fb0c3\" data-element_type=\"section\">\n\t\t\t\t\t\t<div class=\"elementor-container elementor-column-gap-default\">\n\t\t\t\t\t\t\t<div class=\"elementor-row\">\n\t\t\t\t\t<div class=\"elementor-column elementor-col-100 elementor-top-column elementor-element elementor-element-746586d\" data-id=\"746586d\" data-element_type=\"column\">\n\t\t\t<div class=\"elementor-column-wrap elementor-element-populated\">\n\t\t\t\t\t\t\t<div class=\"elementor-widget-wrap\">\n\t\t\t\t\t\t<div class=\"elementor-element elementor-element-86b041e elementor-widget elementor-widget-text-editor\" data-id=\"86b041e\" data-element_type=\"widget\" data-widget_type=\"text-editor.default\">\n\t\t\t\t<div class=\"elementor-widget-container\">\n\t\t\t\t\t\t\t\t<div class=\"elementor-text-editor elementor-clearfix\">\n\t\t\t\t<h2 class=\"elementor-heading-title elementor-size-xl\">O Nas<\/h2><p>\u00a0<\/p><p>Mam na imi\u0119 Angelika i jestem za\u0142o\u017cycielk\u0105 Strefy handlowca, organizacji szkoleniowej, kt\u00f3rej misj\u0105 i zadaniem jest zapewni\u0107 firmom realne zwi\u0119kszenie przychodu ze sprzeda\u017cy ich produkt\u00f3w i us\u0142ug.<\/p><p>Idea dzia\u0142a\u0144 rozwojowych Strefy handlowca jest efektem wielu lat mojej pracy w dzia\u0142ach handlowych i personalnych, a tak\u017ce na stanowiskach managerskich \u015bci\u015ble zwi\u0105zanych ze sprzeda\u017c\u0105.<\/p><p>Po wielu szkoleniach, w kt\u00f3rych uczestniczy\u0142am i kt\u00f3re sama przeprowadzi\u0142am dosz\u0142am do kilku wniosk\u00f3w, kt\u00f3rych finalnym rezultatem jest to, \u017ce wiele z nich nie ma realnego prze\u0142o\u017cenia na popraw\u0119 i zwi\u0119kszenie wynik\u00f3w sprzeda\u017cowych. Co wi\u0119cej, motywacja pracownik\u00f3w w trakcie i tu\u017c po szkoleniu by\u0142a wysoka, ale r\u00f3wnie szybko, jak si\u0119 pojawi\u0142a w chwili rozpocz\u0119cia warsztat\u00f3w, spad\u0142a nied\u0142ugo po ich zako\u0144czeniu. Dodatkowo wiedza i umiej\u0119tno\u015bci wypracowane na szkoleniu w niewielkim stopniu by\u0142y wykorzystywane na stanowiskach pracy. Po kilkunastu dniach handlowcy i ich managerowie, gdy kurtyna fascynacji opad\u0142a wracali do starych, utartych i nie zawsze skutecznych schemat\u00f3w.<\/p><p>Co w takim razie zrobi\u0107, aby pracownicy osi\u0105gali wysokie wyniki w sprzeda\u017cy, byli zmotywowani do dzia\u0142ania, a do tego posiadali niezb\u0119dne kompetencje handlowe? Wystarczy umiej\u0119tnie poprowadzi\u0107 ich przez proces rozwoju, dbaj\u0105c o ich zasoby, naturalne predyspozycje i opieraj\u0105c nowe umiej\u0119tno\u015bci o zdobyte wcze\u015bniej do\u015bwiadczenia i wyci\u0105gni\u0119te z nich wnioski. Kluczem do sukcesu jest bezpo\u015brednie prze\u0142o\u017cenie zdobywanych kompetencji, mocno zakotwiczonych w bran\u017cy i realiach pracownika, na praktyk\u0119, jeszcze w czasie trwania projektu szkoleniowego, aby moderowa\u0107 kluczowe umiej\u0119tno\u015bci i pozwoli\u0107 handlowcom na programowanie nowych, korzystnych zachowa\u0144. Dzi\u0119ki temu pracownicy zdobywaj\u0105\u00a0rzeczywiste do\u015bwiadczenia transformuj\u0105c i nadpisuj\u0105c stare rozwi\u0105zania, co za tym idzie s\u0105 efektywniejsi, skuteczniejsi, bardziej wydajni, a to w\u0142a\u015bnie przek\u0142ada si\u0119 na wyniki sprzeda\u017cowe i motywacj\u0119 pracownik\u00f3w.<\/p><p>W tym wszystkim pomog\u0119 JA! Trener i coach z ponad 10-letnim, us\u0142anym kilkudziesi\u0119cioma wybitnymi sukcesami i kilkoma ucz\u0105cymi<br \/>pora\u017ckami, do\u015bwiadczeniem na stanowiskach handlowych, managerskich i trenerskich, zawsze w sprzeda\u017cy i dla sprzeda\u017cy.<\/p><p>Zapraszam do kontaktu, porozmawiamy na temat procesu sprzeda\u017cy w firmie i znajdziemy rozwi\u0105zanie, kt\u00f3re przyniesie ZWI\u0118KSZENIE ZYSK\u00d3W ze sprzeda\u017cy.<\/p><p><strong>Angelika Kajrys<\/strong><\/p>\t\t\t\t\t<\/div>\n\t\t\t\t\t\t<\/div>\n\t\t\t\t<\/div>\n\t\t\t\t\t\t<\/div>\n\t\t\t\t\t<\/div>\n\t\t<\/div>\n\t\t\t\t\t\t\t\t<\/div>\n\t\t\t\t\t<\/div>\n\t\t<\/section>\n\t\t\t\t<section class=\"elementor-section elementor-top-section elementor-element elementor-element-a243e3d elementor-section-boxed elementor-section-height-default elementor-section-height-default\" data-id=\"a243e3d\" data-element_type=\"section\" data-settings=\"{&quot;background_background&quot;:&quot;classic&quot;}\">\n\t\t\t\t\t\t<div class=\"elementor-container elementor-column-gap-default\">\n\t\t\t\t\t\t\t<div class=\"elementor-row\">\n\t\t\t\t\t<div class=\"elementor-column elementor-col-100 elementor-top-column elementor-element elementor-element-54a28a7\" data-id=\"54a28a7\" data-element_type=\"column\">\n\t\t\t<div class=\"elementor-column-wrap elementor-element-populated\">\n\t\t\t\t\t\t\t<div class=\"elementor-widget-wrap\">\n\t\t\t\t\t\t<div class=\"elementor-element elementor-element-b7c5128 elementor-widget elementor-widget-heading\" data-id=\"b7c5128\" data-element_type=\"widget\" data-widget_type=\"heading.default\">\n\t\t\t\t<div class=\"elementor-widget-container\">\n\t\t\t<h2 class=\"elementor-heading-title elementor-size-default\">Porozmawiajmy!<\/h2>\t\t<\/div>\n\t\t\t\t<\/div>\n\t\t\t\t<div class=\"elementor-element elementor-element-69cdad1 elementor-widget elementor-widget-text-editor\" data-id=\"69cdad1\" data-element_type=\"widget\" data-widget_type=\"text-editor.default\">\n\t\t\t\t<div class=\"elementor-widget-container\">\n\t\t\t\t\t\t\t\t<div class=\"elementor-text-editor elementor-clearfix\">\n\t\t\t\t\t\t\t\t\t<\/div>\n\t\t\t\t\t\t<\/div>\n\t\t\t\t<\/div>\n\t\t\t\t<div class=\"elementor-element elementor-element-710ec35 elementor-align-center elementor-mobile-align-justify elementor-widget elementor-widget-button\" data-id=\"710ec35\" data-element_type=\"widget\" data-widget_type=\"button.default\">\n\t\t\t\t<div class=\"elementor-widget-container\">\n\t\t\t\t\t<div class=\"elementor-button-wrapper\">\n\t\t\t<a href=\"http:\/\/strefahandlowca.pl\/index.php\/kontakt-2\/\" class=\"elementor-button-link elementor-button elementor-size-lg\" role=\"button\">\n\t\t\t\t\t\t<span class=\"elementor-button-content-wrapper\">\n\t\t\t\t\t\t<span class=\"elementor-button-text\">Zadzwo\u0144<\/span>\n\t\t<\/span>\n\t\t\t\t\t<\/a>\n\t\t<\/div>\n\t\t\t\t<\/div>\n\t\t\t\t<\/div>\n\t\t\t\t\t\t<\/div>\n\t\t\t\t\t<\/div>\n\t\t<\/div>\n\t\t\t\t\t\t\t\t<\/div>\n\t\t\t\t\t<\/div>\n\t\t<\/section>\n\t\t\t\t\t\t\t\t\t<\/div>\n\t\t\t<\/div>\n\t\t\t\t\t<\/div>\n\t\t","protected":false},"excerpt":{"rendered":"<p>O Nas \u00a0 Mam na imi\u0119 Angelika i jestem za\u0142o\u017cycielk\u0105 Strefy handlowca, organizacji szkoleniowej, kt\u00f3rej misj\u0105 i zadaniem jest zapewni\u0107 firmom realne zwi\u0119kszenie przychodu ze sprzeda\u017cy ich produkt\u00f3w i us\u0142ug. Idea dzia\u0142a\u0144 rozwojowych Strefy handlowca jest efektem wielu lat mojej pracy w dzia\u0142ach handlowych i personalnych, a tak\u017ce na stanowiskach managerskich \u015bci\u015ble zwi\u0105zanych ze sprzeda\u017c\u0105.&hellip;&nbsp;<a href=\"https:\/\/strefahandlowca.pl\/index.php\/onas\/\" class=\"\" rel=\"bookmark\">Czytaj wi\u0119cej &raquo;<span class=\"screen-reader-text\">O Nas<\/span><\/a><\/p>\n","protected":false},"author":1,"featured_media":0,"parent":0,"menu_order":0,"comment_status":"closed","ping_status":"closed","template":"elementor_header_footer","meta":{"neve_meta_sidebar":"full-width","neve_meta_container":"","neve_meta_enable_content_width":"on","neve_meta_content_width":100,"neve_meta_title_alignment":"","neve_meta_author_avatar":"","neve_post_elements_order":"","neve_meta_disable_header":"","neve_meta_disable_footer":"","neve_meta_disable_title":""},"_links":{"self":[{"href":"https:\/\/strefahandlowca.pl\/index.php\/wp-json\/wp\/v2\/pages\/139"}],"collection":[{"href":"https:\/\/strefahandlowca.pl\/index.php\/wp-json\/wp\/v2\/pages"}],"about":[{"href":"https:\/\/strefahandlowca.pl\/index.php\/wp-json\/wp\/v2\/types\/page"}],"author":[{"embeddable":true,"href":"https:\/\/strefahandlowca.pl\/index.php\/wp-json\/wp\/v2\/users\/1"}],"replies":[{"embeddable":true,"href":"https:\/\/strefahandlowca.pl\/index.php\/wp-json\/wp\/v2\/comments?post=139"}],"version-history":[{"count":13,"href":"https:\/\/strefahandlowca.pl\/index.php\/wp-json\/wp\/v2\/pages\/139\/revisions"}],"predecessor-version":[{"id":472,"href":"https:\/\/strefahandlowca.pl\/index.php\/wp-json\/wp\/v2\/pages\/139\/revisions\/472"}],"wp:attachment":[{"href":"https:\/\/strefahandlowca.pl\/index.php\/wp-json\/wp\/v2\/media?parent=139"}],"curies":[{"name":"wp","href":"https:\/\/api.w.org\/{rel}","templated":true}]}}